{"id":480,"date":"2024-03-01T08:23:27","date_gmt":"2024-03-01T08:23:27","guid":{"rendered":"https:\/\/vanhongan.com\/?page_id=480"},"modified":"2024-10-02T07:40:44","modified_gmt":"2024-10-02T07:40:44","slug":"services-it","status":"publish","type":"page","link":"https:\/\/www.mtr.lu\/fr\/services-it\/","title":{"rendered":"Services IT"},"content":{"rendered":"\n\n  <div class=\"banner has-hover\" id=\"banner-6759127\">\n          <div class=\"banner-inner fill\">\n        <div class=\"banner-bg fill\" >\n            <img loading=\"lazy\" decoding=\"async\" width=\"1020\" height=\"426\" src=\"https:\/\/www.mtr.lu\/fr\/wp-content\/uploads\/sites\/2\/2024\/03\/it-services-1024x428.jpg\" class=\"bg attachment-large size-large\" alt=\"\" \/>                        <div class=\"overlay\"><\/div>            \n                    <\/div>\n\t\t\n        <div class=\"banner-layers container\">\n            <div class=\"fill banner-link\"><\/div>            \n\n   <div id=\"text-box-1219532016\" class=\"text-box banner-layer x0 md-x0 lg-x0 y50 md-y50 lg-y50 res-text\">\n                                <div class=\"text-box-content text dark\">\n              \n              <div class=\"text-inner text-left\">\n                  \n\n\t<div id=\"text-2732969214\" class=\"text\">\n\t\t\n\n<h2><strong>Services informatiques<\/strong><\/h2>\n<h3 data-line-height=\"l\">Audit et conseil \u2022 Mat\u00e9riel et logiciel<br \/>Solutions d&rsquo;impression \u2022 S\u00e9curit\u00e9 et r\u00e9seau<\/h3>\n\t\t\n<style>\n#text-2732969214 {\n  line-height: 1.75;\n}\n<\/style>\n\t<\/div>\n\t\n\n              <\/div>\n           <\/div>\n                            \n<style>\n#text-box-1219532016 {\n  width: 60%;\n}\n#text-box-1219532016 .text-box-content {\n  font-size: 100%;\n}\n@media (min-width:550px) {\n  #text-box-1219532016 {\n    width: 70%;\n  }\n}\n<\/style>\n    <\/div>\n \n\n        <\/div>\n      <\/div>\n\n            \n<style>\n#banner-6759127 {\n  padding-top: 500px;\n}\n#banner-6759127 .overlay {\n  background-color: rgba(0,0,0,.5);\n}\n<\/style>\n  <\/div>\n\n\n<div class=\"row row-small\"  id=\"row-330676572\">\n\n\n\t<div id=\"col-1127204802\" class=\"col medium-6 small-12 large-6\"  >\n\t\t\t\t<div class=\"col-inner\"  >\n\t\t\t\n\t\t\t\n\n<h2>Audit et Conseil<\/h2>\n<p>Nos objectifs sont d&rsquo;adapter le syst\u00e8me d&rsquo;information de l&rsquo;entreprise aux besoins des utilisateurs et \u00e0 la ma\u00eetrise des risques, et d&rsquo;assurer un niveau de service adapt\u00e9 \u00e0 l&rsquo;activit\u00e9 de la structure.<\/p>\n<p>Nos \u00e9tudes comprennent une \u00e9valuation du mat\u00e9riel, des logiciels, de l\u2019acc\u00e8s Internet et de l\u2019ensemble de l\u2019infrastructure informatique.<\/p>\n<p>Apr\u00e8s une expertise, nous vous pr\u00e9conisons des solutions en fonction des besoins, des contraintes techniques et \u00e9conomiques et des \u00e9volutions futures.<\/p>\n\n<a href=\"https:\/\/www.mtr.lu\/fr\/contact\/\" class=\"button primary reveal-icon\" style=\"border-radius:99px;\">\n\t\t<span>DEMANDER DES SERVICES D'AUDIT OU DE CONSULTATION<\/span>\n\t<i class=\"icon-angle-right\" aria-hidden=\"true\"><\/i><\/a>\n\n\n\n\t\t<\/div>\n\t\t\t\t\t<\/div>\n\n\t\n\n\t<div id=\"col-1759881183\" class=\"col medium-6 small-12 large-6\"  >\n\t\t\t\t<div class=\"col-inner\"  >\n\t\t\t\n\t\t\t\n\n\t<div class=\"img has-hover x md-x lg-x y md-y lg-y\" id=\"image_942160656\">\n\t\t\t\t\t\t\t\t<div class=\"img-inner dark\" >\n\t\t\t<img loading=\"lazy\" decoding=\"async\" width=\"1020\" height=\"779\" src=\"https:\/\/www.mtr.lu\/fr\/wp-content\/uploads\/sites\/2\/2024\/03\/audit--1024x782.jpg\" class=\"attachment-large size-large\" alt=\"\" srcset=\"https:\/\/www.mtr.lu\/fr\/wp-content\/uploads\/sites\/2\/2024\/03\/audit--1024x782.jpg 1024w, https:\/\/www.mtr.lu\/fr\/wp-content\/uploads\/sites\/2\/2024\/03\/audit--300x229.jpg 300w, https:\/\/www.mtr.lu\/fr\/wp-content\/uploads\/sites\/2\/2024\/03\/audit--768x586.jpg 768w, https:\/\/www.mtr.lu\/fr\/wp-content\/uploads\/sites\/2\/2024\/03\/audit-.jpg 1282w\" sizes=\"auto, (max-width: 1020px) 100vw, 1020px\" \/>\t\t\t\t\t\t\n\t\t\t\t\t<\/div>\n\t\t\t\t\t\t\t\t\n<style>\n#image_942160656 {\n  width: 100%;\n}\n<\/style>\n\t<\/div>\n\t\n\n\n\t\t<\/div>\n\t\t\t\t\t<\/div>\n\n\t\n\n\t<div id=\"col-245283564\" class=\"col small-12 large-12\"  >\n\t\t\t\t<div class=\"col-inner\"  >\n\t\t\t\n\t\t\t\n\n\n  <div class=\"banner has-hover\" id=\"banner-1627367210\">\n          <div class=\"banner-inner fill\">\n        <div class=\"banner-bg fill\" >\n            <img loading=\"lazy\" decoding=\"async\" width=\"1020\" height=\"583\" src=\"https:\/\/www.mtr.lu\/fr\/wp-content\/uploads\/sites\/2\/2024\/03\/hardware-1024x585.jpg\" class=\"bg attachment-large size-large\" alt=\"\" \/>                        <div class=\"overlay\"><\/div>            \n                    <\/div>\n\t\t\n        <div class=\"banner-layers container\">\n            <div class=\"fill banner-link\"><\/div>            \n\n   <div id=\"text-box-1822319257\" class=\"text-box banner-layer x95 md-x95 lg-x95 y10 md-y10 lg-y10 res-text\">\n                                <div class=\"text-box-content text dark\">\n              \n              <div class=\"text-inner text-right\">\n                  \n\n\t<div id=\"text-1989764837\" class=\"text\">\n\t\t\n\n<h2>Mat\u00e9riel et logiciel<\/h2>\n<p>Que vous installiez un nouveau syst\u00e8me ou que vous mettiez \u00e0 niveau un syst\u00e8me existant, nos sp\u00e9cialistes vous aideront \u00e0 s\u00e9lectionner le mat\u00e9riel et les logiciels les mieux adapt\u00e9s \u00e0 vos besoins.<\/p>\n<p>Gr\u00e2ce \u00e0 nos partenariats avec les principaux fabricants et \u00e9diteurs informatiques, notre large gamme de mat\u00e9riels professionnels vous permettra de construire une solution performante et adapt\u00e9e \u00e0 votre budget.<\/p>\n\t\t\n<style>\n#text-1989764837 {\n  text-align: right;\n}\n<\/style>\n\t<\/div>\n\t\n<a href=\"https:\/\/www.mtr.lu\/fr\/contact\/\" class=\"button primary reveal-icon\" style=\"border-radius:99px;\">\n\t\t<span>DEMANDER D'INFORMATIONS<\/span>\n\t<i class=\"icon-angle-right\" aria-hidden=\"true\"><\/i><\/a>\n\n\n\n              <\/div>\n           <\/div>\n                            \n<style>\n#text-box-1822319257 {\n  width: 60%;\n}\n#text-box-1822319257 .text-box-content {\n  font-size: 100%;\n}\n<\/style>\n    <\/div>\n \n\n        <\/div>\n      <\/div>\n\n            \n<style>\n#banner-1627367210 {\n  padding-top: 500px;\n}\n#banner-1627367210 .overlay {\n  background-color: rgba(0, 0, 0, 0.651);\n}\n<\/style>\n  <\/div>\n\n\n\n\t\t<\/div>\n\t\t\t\t\t<\/div>\n\n\t\n\n\t<div id=\"col-1754153784\" class=\"col medium-6 small-12 large-6\"  >\n\t\t\t\t<div class=\"col-inner\"  >\n\t\t\t\n\t\t\t\n\n\t<div class=\"img has-hover x md-x lg-x y md-y lg-y\" id=\"image_971756221\">\n\t\t\t\t\t\t\t\t<div class=\"img-inner dark\" >\n\t\t\t<img loading=\"lazy\" decoding=\"async\" width=\"868\" height=\"606\" src=\"https:\/\/www.mtr.lu\/fr\/wp-content\/uploads\/sites\/2\/2024\/03\/printing.jpg\" class=\"attachment-large size-large\" alt=\"\" srcset=\"https:\/\/www.mtr.lu\/fr\/wp-content\/uploads\/sites\/2\/2024\/03\/printing.jpg 868w, https:\/\/www.mtr.lu\/fr\/wp-content\/uploads\/sites\/2\/2024\/03\/printing-300x209.jpg 300w, https:\/\/www.mtr.lu\/fr\/wp-content\/uploads\/sites\/2\/2024\/03\/printing-768x536.jpg 768w\" sizes=\"auto, (max-width: 868px) 100vw, 868px\" \/>\t\t\t\t\t\t\n\t\t\t\t\t<\/div>\n\t\t\t\t\t\t\t\t\n<style>\n#image_971756221 {\n  width: 100%;\n}\n<\/style>\n\t<\/div>\n\t\n\n\n\t\t<\/div>\n\t\t\t\t\t<\/div>\n\n\t\n\n\t<div id=\"col-200923782\" class=\"col medium-6 small-12 large-6\"  >\n\t\t\t\t<div class=\"col-inner\"  >\n\t\t\t\n\t\t\t\n\n<h1>Solutions d&rsquo;impression<\/h1>\n<div class=\"is-divider divider clearfix\" style=\"margin-top:1px;margin-bottom:1px;max-width:200px;height:1px;background-color:rgb(0, 232, 25);\"><\/div>\n\n<p>L&rsquo;entreprise est un environnement en constante \u00e9volution qui pr\u00e9sente de nombreux d\u00e9fis pour l&rsquo;\u00e9dition de documents ; la principale difficult\u00e9 \u00e9tant de donner aux utilisateurs un acc\u00e8s permanent et contr\u00f4l\u00e9 aux p\u00e9riph\u00e9riques d&rsquo;impression.<\/p>\n<p>Nos solutions, issues des derni\u00e8res innovations en mati\u00e8re de gestion de parc d&rsquo;imprimantes, permettent aux entreprises de g\u00e9rer leurs appareils de mani\u00e8re simple et efficace, optimisant ainsi la productivit\u00e9 tout en r\u00e9duisant les co\u00fbts.<\/p>\n<a href=\"https:\/\/www.mtr.lu\/fr\/contact\/\" class=\"button primary reveal-icon\" style=\"border-radius:99px;\">\n\t\t<span>UNE QUESTION SUR NOS SOLUTIONS D'IMPRESSION ?<\/span>\n\t<i class=\"icon-angle-right\" aria-hidden=\"true\"><\/i><\/a>\n\n\n\n\t\t<\/div>\n\t\t\t\t\t<\/div>\n\n\t\n\n\t<div id=\"col-239670063\" class=\"col medium-6 small-12 large-6\"  >\n\t\t\t\t<div class=\"col-inner\"  >\n\t\t\t\n\t\t\t\n\n\t<div id=\"gap-1203192582\" class=\"gap-element clearfix\" style=\"display:block; height:auto;\">\n\t\t\n<style>\n#gap-1203192582 {\n  padding-top: 30px;\n}\n<\/style>\n\t<\/div>\n\t\n\n<h1>S\u00e9curit\u00e9 et R\u00e9seau<\/h1><\/p>\n<div class=\"is-divider divider clearfix\" style=\"max-width:200px;height:1px;background-color:rgb(239, 0, 0);\"><\/div>\n\n<p>Avec la multiplication et l&rsquo;\u00e9volution des technologies li\u00e9es \u00e0 Internet, aux objets connect\u00e9s, aux r\u00e9seaux sans fil, aux intranets et bien plus encore, la s\u00e9curit\u00e9 et la mise en r\u00e9seau sont des enjeux cl\u00e9s pour toute entreprise, quelle que soit sa taille ou son domaine d&rsquo;activit\u00e9.<\/p>\n<p>Nos ing\u00e9nieurs sont en mesure de vous proposer la meilleure r\u00e9ponse face au nombre croissant de menaces virales et de fraudes informatiques : contr\u00f4le d&rsquo;acc\u00e8s r\u00e9seau, pare-feu, anti-virus, protection des donn\u00e9es&#8230;<\/p>\n<a href=\"https:\/\/www.mtr.lu\/fr\/contact\/\" class=\"button primary reveal-icon\" style=\"border-radius:99px;\">\n\t\t<span>DEMANDER DES SERVICES D'AUDIT OU DE CONSULTATION<\/span>\n\t<i class=\"icon-angle-right\" aria-hidden=\"true\"><\/i><\/a>\n\n\n\n\t\t<\/div>\n\t\t\t\t\t<\/div>\n\n\t\n\n\t<div id=\"col-1507153040\" class=\"col medium-6 small-12 large-6\"  >\n\t\t\t\t<div class=\"col-inner\"  >\n\t\t\t\n\t\t\t\n\n\t<div class=\"img has-hover x md-x lg-x y md-y lg-y\" id=\"image_1436014534\">\n\t\t\t\t\t\t\t\t<div class=\"img-inner dark\" >\n\t\t\t<img loading=\"lazy\" decoding=\"async\" width=\"768\" height=\"596\" src=\"https:\/\/www.mtr.lu\/fr\/wp-content\/uploads\/sites\/2\/2024\/03\/netowrk.jpg\" class=\"attachment-large size-large\" alt=\"\" srcset=\"https:\/\/www.mtr.lu\/fr\/wp-content\/uploads\/sites\/2\/2024\/03\/netowrk.jpg 768w, https:\/\/www.mtr.lu\/fr\/wp-content\/uploads\/sites\/2\/2024\/03\/netowrk-300x233.jpg 300w\" sizes=\"auto, (max-width: 768px) 100vw, 768px\" \/>\t\t\t\t\t\t\n\t\t\t\t\t<\/div>\n\t\t\t\t\t\t\t\t\n<style>\n#image_1436014534 {\n  width: 100%;\n}\n<\/style>\n\t<\/div>\n\t\n\n\n\t\t<\/div>\n\t\t\t\t\t<\/div>\n\n\t\n\n<\/div>\n\n","protected":false},"excerpt":{"rendered":"","protected":false},"author":2,"featured_media":0,"parent":0,"menu_order":0,"comment_status":"closed","ping_status":"closed","template":"page-blank.php","meta":{"footnotes":""},"class_list":["post-480","page","type-page","status-publish","hentry"],"_links":{"self":[{"href":"https:\/\/www.mtr.lu\/fr\/wp-json\/wp\/v2\/pages\/480","targetHints":{"allow":["GET"]}}],"collection":[{"href":"https:\/\/www.mtr.lu\/fr\/wp-json\/wp\/v2\/pages"}],"about":[{"href":"https:\/\/www.mtr.lu\/fr\/wp-json\/wp\/v2\/types\/page"}],"author":[{"embeddable":true,"href":"https:\/\/www.mtr.lu\/fr\/wp-json\/wp\/v2\/users\/2"}],"replies":[{"embeddable":true,"href":"https:\/\/www.mtr.lu\/fr\/wp-json\/wp\/v2\/comments?post=480"}],"version-history":[{"count":6,"href":"https:\/\/www.mtr.lu\/fr\/wp-json\/wp\/v2\/pages\/480\/revisions"}],"predecessor-version":[{"id":773,"href":"https:\/\/www.mtr.lu\/fr\/wp-json\/wp\/v2\/pages\/480\/revisions\/773"}],"wp:attachment":[{"href":"https:\/\/www.mtr.lu\/fr\/wp-json\/wp\/v2\/media?parent=480"}],"curies":[{"name":"wp","href":"https:\/\/api.w.org\/{rel}","templated":true}]}}