{"id":482,"date":"2024-03-01T08:24:00","date_gmt":"2024-03-01T08:24:00","guid":{"rendered":"https:\/\/vanhongan.com\/?page_id=482"},"modified":"2024-10-02T08:01:08","modified_gmt":"2024-10-02T08:01:08","slug":"cloud-computing","status":"publish","type":"page","link":"https:\/\/www.mtr.lu\/fr\/cloud-computing\/","title":{"rendered":"Cloud Computing"},"content":{"rendered":"\n\n\t<section class=\"section dark\" id=\"section_105664060\">\n\t\t<div class=\"section-bg fill\" >\n\t\t\t<img loading=\"lazy\" decoding=\"async\" width=\"1920\" height=\"889\" src=\"https:\/\/www.mtr.lu\/fr\/wp-content\/uploads\/sites\/2\/2024\/03\/serve-rack.jpg\" class=\"bg attachment- size-\" alt=\"\" \/>\t\t\t\t\t\t<div class=\"section-bg-overlay absolute fill\"><\/div>\n\t\t\t\n\n\t\t<\/div>\n\n\t\t\n\n\t\t<div class=\"section-content relative\">\n\t\t\t\n\n\t<div id=\"text-3657474311\" class=\"text\">\n\t\t\n\n<h2 class=\"uppercase\">\nInformatique en nuage<\/h2>\n<h3 class=\"thin-font\">Serveur Cloud Priv\u00e9 \u2022 Backup \u00e0 distance<br \/>S\u00e9curisation des donn\u00e9es \u2022 Serveur &amp; Exchange Cloud<\/h3>\n\n\t\t\n<style>\n#text-3657474311 {\n  text-align: center;\n}\n<\/style>\n\t<\/div>\n\t\n\n\t\t<\/div>\n\n\t\t\n<style>\n#section_105664060 {\n  padding-top: 30px;\n  padding-bottom: 30px;\n  min-height: 400px;\n  background-color: rgb(40, 40, 40);\n}\n#section_105664060 .section-bg-overlay {\n  background-color: rgba(0,0,0,.5);\n}\n#section_105664060 .section-bg img {\n  object-position: 31% 89%;\n}\n<\/style>\n\t<\/section>\n\t\n\n  <div class=\"banner has-hover is-full-height\" id=\"banner-390129575\">\n          <div class=\"banner-inner fill\">\n        <div class=\"banner-bg fill\" >\n                                    <div class=\"overlay\"><\/div>            \n                    <\/div>\n\t\t\n        <div class=\"banner-layers container\">\n            <div class=\"fill banner-link\"><\/div>            \n\n   <div id=\"text-box-846650495\" class=\"text-box banner-layer x0 md-x0 lg-x0 y50 md-y50 lg-y50 res-text\">\n                                <div class=\"text-box-content text box-shadow-3 dark\">\n              \n              <div class=\"text-inner text-left\">\n                  \n\n<h2><strong>Serveur Cloud Priv\u00e9<\/strong><\/h2>\n<div>Bas\u00e9 sur la s\u00e9curisation de vos ressources informatiques, le Cloud permet l\u2019accessibilit\u00e9 \u00e0 vos applications, \u00e0 tout moment, via une connexion Internet et sur de multiples supports.<\/div>\n<div>\u00a0<\/div>\n<div>Externalisez votre infrastructure en Datacenter au Luxembourg, sur des serveurs d\u00e9di\u00e9s ou mutualis\u00e9s et gardez ainsi le contr\u00f4le sans vous soucier de sa gestion.<\/div>\n<div>\u00a0<\/div>\n<div>Nous en assurons la maintenance, le monitoring et le support des utilisateurs pour vous fournir un service \u00e0 la hauteur de vos esp\u00e9rances.<\/div>\n<a href=\"https:\/\/www.mtr.lu\/fr\/contact\/\" class=\"button primary reveal-icon\" style=\"border-radius:99px;\">\n\t\t<span>CONTACTEZ-NOUS<\/span>\n\t<i class=\"icon-angle-right\" aria-hidden=\"true\"><\/i><\/a>\n\n\n\n              <\/div>\n           <\/div>\n                            \n<style>\n#text-box-846650495 .text-inner {\n  padding: 30px 30px 30px 30px;\n}\n#text-box-846650495 {\n  width: 60%;\n}\n#text-box-846650495 .text-box-content {\n  font-size: 100%;\n}\n@media (min-width:550px) {\n  #text-box-846650495 {\n    width: 52%;\n  }\n}\n<\/style>\n    <\/div>\n \n\t<div class=\"img has-hover x100 md-x100 lg-x100 y50 md-y50 lg-y50\" id=\"image_792373198\">\n\t\t\t\t\t\t\t\t<div class=\"img-inner dark\" >\n\t\t\t<img loading=\"lazy\" decoding=\"async\" width=\"600\" height=\"560\" src=\"https:\/\/www.mtr.lu\/fr\/wp-content\/uploads\/sites\/2\/2024\/03\/cloudsv.png\" class=\"attachment-original size-original\" alt=\"\" srcset=\"https:\/\/www.mtr.lu\/fr\/wp-content\/uploads\/sites\/2\/2024\/03\/cloudsv.png 600w, https:\/\/www.mtr.lu\/fr\/wp-content\/uploads\/sites\/2\/2024\/03\/cloudsv-300x280.png 300w\" sizes=\"auto, (max-width: 600px) 100vw, 600px\" \/>\t\t\t\t\t\t\n\t\t\t\t\t<\/div>\n\t\t\t\t\t\t\t\t\n<style>\n#image_792373198 {\n  width: 45%;\n}\n<\/style>\n\t<\/div>\n\t\n\n\n        <\/div>\n      <\/div>\n\n            \n<style>\n#banner-390129575 {\n  padding-top: 100%;\n  background-color: rgb(0,0,0);\n}\n#banner-390129575 .overlay {\n  background-color: rgba(0, 0, 0, 0.2);\n}\n<\/style>\n  <\/div>\n\n\n<div class=\"row row-small\"  id=\"row-319154170\">\n\n\n\t<div id=\"col-1593555355\" class=\"col medium-6 small-12 large-6\"  >\n\t\t\t\t<div class=\"col-inner\"  >\n\t\t\t\n\t\t\t\n\n\t<div class=\"img has-hover x md-x lg-x y md-y lg-y\" id=\"image_1305127844\">\n\t\t\t\t\t\t\t\t<div class=\"img-inner dark\" >\n\t\t\t<img loading=\"lazy\" decoding=\"async\" width=\"700\" height=\"700\" src=\"https:\/\/www.mtr.lu\/fr\/wp-content\/uploads\/sites\/2\/2024\/03\/cloud_backup.png\" class=\"attachment-large size-large\" alt=\"\" srcset=\"https:\/\/www.mtr.lu\/fr\/wp-content\/uploads\/sites\/2\/2024\/03\/cloud_backup.png 700w, https:\/\/www.mtr.lu\/fr\/wp-content\/uploads\/sites\/2\/2024\/03\/cloud_backup-300x300.png 300w, https:\/\/www.mtr.lu\/fr\/wp-content\/uploads\/sites\/2\/2024\/03\/cloud_backup-150x150.png 150w\" sizes=\"auto, (max-width: 700px) 100vw, 700px\" \/>\t\t\t\t\t\t\n\t\t\t\t\t<\/div>\n\t\t\t\t\t\t\t\t\n<style>\n#image_1305127844 {\n  width: 100%;\n}\n<\/style>\n\t<\/div>\n\t\n\n\n\t\t<\/div>\n\t\t\t\t\t<\/div>\n\n\t\n\n\t<div id=\"col-990991098\" class=\"col medium-6 small-12 large-6\"  >\n\t\t\t\t<div class=\"col-inner\"  >\n\t\t\t\n\t\t\t\n\n<h2>Backup \u00e0 distance<\/h2>\n<div class=\"is-divider divider clearfix\" style=\"max-width:100px;height:1px;\"><\/div>\n\n<div>80 % des entreprises ayant subi une perte majeure de leurs donn\u00e9es informatiques d\u00e9posent le bilan.<\/div>\n<div>\u00a0<\/div>\n<div>La sauvegarde \u00e0 distance des fichiers constitue une bonne alternative pour les prot\u00e9ger contre d\u2019\u00e9ventuels dommages. En effet, plusieurs facteurs comme l\u2019erreur humaine, le crash du mat\u00e9riel, le vol, les piratages, les virus ou autres sinistres menacent en permanence les donn\u00e9es informatiques d\u2019une entreprise.<\/div>\n<div>\u00a0<\/div>\n<div>Les  sauvegardes sont r\u00e9alis\u00e9es quotidiennement dans notre DataCenter, automatis\u00e9es, crypt\u00e9es et surveill\u00e9es de mani\u00e8re permanente. MTR ONLINE BACKUP est la solution de sauvegarde distante qui r\u00e9pond \u00e0 l\u2019ensemble des besoins des entreprises.<\/div>\n<div>\u00a0<\/div>\n<a href=\"https:\/\/www.mtr.lu\/fr\/contact\/\" class=\"button primary reveal-icon\" style=\"border-radius:99px;\">\n\t\t<span>DEMANDER D'INFORMATIONS<\/span>\n\t<i class=\"icon-angle-right\" aria-hidden=\"true\"><\/i><\/a>\n\n\n\n\t\t<\/div>\n\t\t\t\t\t<\/div>\n\n\t\n\n<\/div>\n<div class=\"row row-small\"  id=\"row-1484704533\">\n\n\n\t<div id=\"col-1756185871\" class=\"col medium-6 small-12 large-6\"  >\n\t\t\t\t<div class=\"col-inner\"  >\n\t\t\t\n\t\t\t\n\n<h2>S\u00e9curisation des donn\u00e9es<\/h2>\n<div class=\"is-divider divider clearfix\" style=\"max-width:100px;height:1px;\"><\/div>\n\n<div>\n<div>\n<div>Aujourd\u2019hui, le bon fonctionnement d\u2019une entreprise d\u00e9pend d\u2019une informatique saine et s\u00e9curis\u00e9e.<\/div>\n<div>\u00a0<\/div>\n<div>La puissance de destruction et la complexit\u00e9 des virus informatiques sans cesse croissantes engendrent quotidiennement des intrusions et des d\u00e9tournements de donn\u00e9es.<\/div>\n<div>\u00a0<\/div>\n<div>MTR-Informatique est en mesure de vous proposer la meilleure parade \u00e0 chacune de ces menaces : Contr\u00f4le d\u2019acc\u00e8s r\u00e9seau, Firewall, Anti-virus, Protection de donn\u00e9es\u2026<\/div>\n<div>\u00a0<\/div>\n<div>Le syst\u00e8me d\u2019information est vital pour une entreprise moderne. D\u00e8s l\u2019instant o\u00f9 ces outils cessent de fonctionner, l\u2019ensemble de la soci\u00e9t\u00e9 est paralys\u00e9.<\/div>\n<div>\u00a0<\/div>\n<div>Il est primordial de garantir la continuit\u00e9 de vos activit\u00e9s dans toutes les situations sans pour autant mettre en p\u00e9ril votre sant\u00e9 financi\u00e8re.<\/div>\n<div>\u00a0<\/div>\n<\/div>\n<\/div>\n<a href=\"https:\/\/www.mtr.lu\/fr\/contact\/\" class=\"button primary reveal-icon\" style=\"border-radius:99px;\">\n\t\t<span>DEMANDER D'INFORMATIONS<\/span>\n\t<i class=\"icon-angle-right\" aria-hidden=\"true\"><\/i><\/a>\n\n\n\n\t\t<\/div>\n\t\t\t\t\t<\/div>\n\n\t\n\n\t<div id=\"col-639437284\" class=\"col medium-6 small-12 large-6\"  >\n\t\t\t\t<div class=\"col-inner\"  >\n\t\t\t\n\t\t\t\n\n\t<div class=\"img has-hover x md-x lg-x y md-y lg-y\" id=\"image_1213571130\">\n\t\t\t\t\t\t\t\t<div class=\"img-inner dark\" >\n\t\t\t<img loading=\"lazy\" decoding=\"async\" width=\"1000\" height=\"903\" src=\"https:\/\/www.mtr.lu\/fr\/wp-content\/uploads\/sites\/2\/2024\/03\/seuciryt-data.png\" class=\"attachment-large size-large\" alt=\"\" srcset=\"https:\/\/www.mtr.lu\/fr\/wp-content\/uploads\/sites\/2\/2024\/03\/seuciryt-data.png 1000w, https:\/\/www.mtr.lu\/fr\/wp-content\/uploads\/sites\/2\/2024\/03\/seuciryt-data-300x271.png 300w, https:\/\/www.mtr.lu\/fr\/wp-content\/uploads\/sites\/2\/2024\/03\/seuciryt-data-768x694.png 768w\" sizes=\"auto, (max-width: 1000px) 100vw, 1000px\" \/>\t\t\t\t\t\t\n\t\t\t\t\t<\/div>\n\t\t\t\t\t\t\t\t\n<style>\n#image_1213571130 {\n  width: 100%;\n}\n<\/style>\n\t<\/div>\n\t\n\n\n\t\t<\/div>\n\t\t\t\t\t<\/div>\n\n\t\n\n<\/div>\n<div class=\"row row-small\"  id=\"row-1338595942\">\n\n\n\t<div id=\"col-1604495256\" class=\"col medium-6 small-12 large-6\"  >\n\t\t\t\t<div class=\"col-inner\"  >\n\t\t\t\n\t\t\t\n\n\t<div class=\"img has-hover x md-x lg-x y md-y lg-y\" id=\"image_670522255\">\n\t\t\t\t\t\t\t\t<div class=\"img-inner dark\" >\n\t\t\t<img loading=\"lazy\" decoding=\"async\" width=\"1020\" height=\"421\" src=\"https:\/\/www.mtr.lu\/fr\/wp-content\/uploads\/sites\/2\/2024\/03\/exchange--1024x423.jpg\" class=\"attachment-large size-large\" alt=\"\" srcset=\"https:\/\/www.mtr.lu\/fr\/wp-content\/uploads\/sites\/2\/2024\/03\/exchange--1024x423.jpg 1024w, https:\/\/www.mtr.lu\/fr\/wp-content\/uploads\/sites\/2\/2024\/03\/exchange--300x124.jpg 300w, https:\/\/www.mtr.lu\/fr\/wp-content\/uploads\/sites\/2\/2024\/03\/exchange--768x317.jpg 768w, https:\/\/www.mtr.lu\/fr\/wp-content\/uploads\/sites\/2\/2024\/03\/exchange-.jpg 1120w\" sizes=\"auto, (max-width: 1020px) 100vw, 1020px\" \/>\t\t\t\t\t\t\n\t\t\t\t\t<\/div>\n\t\t\t\t\t\t\t\t\n<style>\n#image_670522255 {\n  width: 100%;\n}\n<\/style>\n\t<\/div>\n\t\n\n\n\t\t<\/div>\n\t\t\t\t\t<\/div>\n\n\t\n\n\t<div id=\"col-1840773102\" class=\"col medium-6 small-12 large-6\"  >\n\t\t\t\t<div class=\"col-inner\"  >\n\t\t\t\n\t\t\t\n\n<h2>Serveur &amp; Exchange Cloud<\/h2>\n<div>\n<div>La  solution d\u2019h\u00e9bergement MTR Exchange Cloud permet d\u2019acc\u00e9der tr\u00e8s facilement \u00e0 ses emails, agenda, contacts, liste de t\u00e2ches et documents de n\u2019importe o\u00f9 et ce, \u00e0 partir de n\u2019importe quel appareil ou plateforme.<\/div>\n<div>\u00a0<\/div>\n<div>Avec MTR Exchange Cloud, plus besoin d\u2019investissement en hardware, software ou licences. Aucune connaissance technique de Microsoft Exchange n\u2019est n\u00e9cessaire. Oubliez les longues heures d\u2019installation, de param\u00e9trage et de s\u00e9curisation tout comme la veille technologique des mise \u00e0 jours et des correctifs.<\/div>\n<div>\u00a0<\/div>\n<div>MTR Exchange Cloud vous offre une qualit\u00e9 de service exceptionnelle gr\u00e2ce \u00e0 ses plateformes DataCenter haute disponibilit\u00e9, un centre de support technique pour vous assister et une gamme compl\u00e8te de fonctionnalit\u00e9s.<\/div>\n<div>\u00a0<\/div>\n<\/div>\n<a href=\"https:\/\/www.mtr.lu\/fr\/contact\/\" class=\"button primary reveal-icon\" style=\"border-radius:99px;\">\n\t\t<span>CONTACTEZ-NOUS<\/span>\n\t<i class=\"icon-angle-right\" aria-hidden=\"true\"><\/i><\/a>\n\n\n\n\t\t<\/div>\n\t\t\t\t\t<\/div>\n\n\t\n\n<\/div>\n\n","protected":false},"excerpt":{"rendered":"","protected":false},"author":2,"featured_media":0,"parent":0,"menu_order":0,"comment_status":"closed","ping_status":"closed","template":"page-blank.php","meta":{"footnotes":""},"class_list":["post-482","page","type-page","status-publish","hentry"],"_links":{"self":[{"href":"https:\/\/www.mtr.lu\/fr\/wp-json\/wp\/v2\/pages\/482","targetHints":{"allow":["GET"]}}],"collection":[{"href":"https:\/\/www.mtr.lu\/fr\/wp-json\/wp\/v2\/pages"}],"about":[{"href":"https:\/\/www.mtr.lu\/fr\/wp-json\/wp\/v2\/types\/page"}],"author":[{"embeddable":true,"href":"https:\/\/www.mtr.lu\/fr\/wp-json\/wp\/v2\/users\/2"}],"replies":[{"embeddable":true,"href":"https:\/\/www.mtr.lu\/fr\/wp-json\/wp\/v2\/comments?post=482"}],"version-history":[{"count":7,"href":"https:\/\/www.mtr.lu\/fr\/wp-json\/wp\/v2\/pages\/482\/revisions"}],"predecessor-version":[{"id":785,"href":"https:\/\/www.mtr.lu\/fr\/wp-json\/wp\/v2\/pages\/482\/revisions\/785"}],"wp:attachment":[{"href":"https:\/\/www.mtr.lu\/fr\/wp-json\/wp\/v2\/media?parent=482"}],"curies":[{"name":"wp","href":"https:\/\/api.w.org\/{rel}","templated":true}]}}