{"id":484,"date":"2024-03-01T08:24:21","date_gmt":"2024-03-01T08:24:21","guid":{"rendered":"https:\/\/vanhongan.com\/?page_id=484"},"modified":"2024-10-02T08:10:23","modified_gmt":"2024-10-02T08:10:23","slug":"support-technique","status":"publish","type":"page","link":"https:\/\/www.mtr.lu\/fr\/support-technique\/","title":{"rendered":"Support technique"},"content":{"rendered":"\n\n\t<section class=\"section\" id=\"section_365388268\">\n\t\t<div class=\"section-bg fill\" >\n\t\t\t<img loading=\"lazy\" decoding=\"async\" width=\"2500\" height=\"1436\" src=\"https:\/\/www.mtr.lu\/fr\/wp-content\/uploads\/sites\/2\/2024\/03\/technical_support.jpg\" class=\"bg attachment- size-\" alt=\"\" \/>\t\t\t\t\t\t<div class=\"section-bg-overlay absolute fill\"><\/div>\n\t\t\t\n\n\t\t<\/div>\n\n\t\t\n\n\t\t<div class=\"section-content relative\">\n\t\t\t\n\n<div class=\"row align-center\"  id=\"row-552680359\">\n\n\n\t<div id=\"col-730580612\" class=\"col medium-10 small-12 large-10\"  >\n\t\t\t\t<div class=\"col-inner text-center\"  >\n\t\t\t\n\t\t\t\n\n\t<div id=\"text-321172772\" class=\"text\">\n\t\t\n\n<h1>Support technique<\/h1>\n<h3><strong>Maintenance \u2022 Externalisation \u2022 Centre de r\u00e9paration<\/strong><\/h3>\n\n\t\t\n<style>\n#text-321172772 {\n  text-align: center;\n  color: rgb(255,255,255);\n}\n#text-321172772 > * {\n  color: rgb(255,255,255);\n}\n<\/style>\n\t<\/div>\n\t\n\n\t\t<\/div>\n\t\t\t\t\t<\/div>\n\n\t\n\n<\/div>\n\n\t\t<\/div>\n\n\t\t\n<style>\n#section_365388268 {\n  padding-top: 60px;\n  padding-bottom: 60px;\n  min-height: 300px;\n  background-color: rgb(245, 245, 245);\n}\n#section_365388268 .section-bg-overlay {\n  background-color: rgba(0,0,0,.5);\n}\n<\/style>\n\t<\/section>\n\t\n<div class=\"row\"  id=\"row-285236521\">\n\n\n\t<div id=\"col-725798456\" class=\"col medium-6 small-12 large-6\"  >\n\t\t\t\t<div class=\"col-inner\"  >\n\t\t\t\n\t\t\t\n\n<h2>Maintenance<\/h2>\n<div class=\"is-divider divider clearfix\" style=\"max-width:100px;height:1px;\"><\/div>\n\n<p>Notre service support est compos\u00e9 d\u2019une \u00e9quipe de techniciens Hot-liners, sp\u00e9cialis\u00e9s dans de nombreux domaines qui mettent leur expertise terrain au profit de vos demandes de d\u00e9pannage.<\/p>\n<p>Le support hotline utilise une technologie d\u2019intervention \u00e0 distance s\u00e9curis\u00e9e afin d\u2019effectuer tous travaux sur votre installation soit directement ou quelques minutes apr\u00e8s votre demande.<\/p>\n<p>Ces exigences garantissent \u00e0 nos clients des interventions de qualit\u00e9 extr\u00eamement rapides, efficaces mais aussi \u00e9conomiques.<\/p>\n\n<a href=\"https:\/\/www.mtr.lu\/fr\/contact\/\" class=\"button primary reveal-icon\" style=\"border-radius:99px;\">\n\t\t<span>CONTACTEZ-NOUS<\/span>\n\t<i class=\"icon-angle-right\" aria-hidden=\"true\"><\/i><\/a>\n\n\n\n\t\t<\/div>\n\t\t\t\t\t<\/div>\n\n\t\n\n\t<div id=\"col-2107152222\" class=\"col medium-6 small-12 large-6\"  >\n\t\t\t\t<div class=\"col-inner\"  >\n\t\t\t\n\t\t\t\n\n\t<div class=\"img has-hover x md-x lg-x y md-y lg-y\" id=\"image_723928754\">\n\t\t\t\t\t\t\t\t<div class=\"img-inner dark\" >\n\t\t\t<img loading=\"lazy\" decoding=\"async\" width=\"1020\" height=\"779\" src=\"https:\/\/www.mtr.lu\/fr\/wp-content\/uploads\/sites\/2\/2024\/03\/audit--1024x782.jpg\" class=\"attachment-large size-large\" alt=\"\" srcset=\"https:\/\/www.mtr.lu\/fr\/wp-content\/uploads\/sites\/2\/2024\/03\/audit--1024x782.jpg 1024w, https:\/\/www.mtr.lu\/fr\/wp-content\/uploads\/sites\/2\/2024\/03\/audit--300x229.jpg 300w, https:\/\/www.mtr.lu\/fr\/wp-content\/uploads\/sites\/2\/2024\/03\/audit--768x586.jpg 768w, https:\/\/www.mtr.lu\/fr\/wp-content\/uploads\/sites\/2\/2024\/03\/audit-.jpg 1282w\" sizes=\"auto, (max-width: 1020px) 100vw, 1020px\" \/>\t\t\t\t\t\t\n\t\t\t\t\t<\/div>\n\t\t\t\t\t\t\t\t\n<style>\n#image_723928754 {\n  width: 100%;\n}\n<\/style>\n\t<\/div>\n\t\n\n\n\t\t<\/div>\n\t\t\t\t\t<\/div>\n\n\t\n\n\t<div id=\"col-975787289\" class=\"col medium-6 small-12 large-6\"  >\n\t\t\t\t<div class=\"col-inner\"  >\n\t\t\t\n\t\t\t\n\n\t<div class=\"img has-hover x md-x lg-x y md-y lg-y\" id=\"image_1199497038\">\n\t\t\t\t\t\t\t\t<div class=\"img-inner dark\" >\n\t\t\t<img loading=\"lazy\" decoding=\"async\" width=\"987\" height=\"1024\" src=\"https:\/\/www.mtr.lu\/fr\/wp-content\/uploads\/sites\/2\/2024\/03\/outsource-1-987x1024.jpg\" class=\"attachment-large size-large\" alt=\"\" srcset=\"https:\/\/www.mtr.lu\/fr\/wp-content\/uploads\/sites\/2\/2024\/03\/outsource-1-987x1024.jpg 987w, https:\/\/www.mtr.lu\/fr\/wp-content\/uploads\/sites\/2\/2024\/03\/outsource-1-289x300.jpg 289w, https:\/\/www.mtr.lu\/fr\/wp-content\/uploads\/sites\/2\/2024\/03\/outsource-1-768x797.jpg 768w, https:\/\/www.mtr.lu\/fr\/wp-content\/uploads\/sites\/2\/2024\/03\/outsource-1.jpg 1075w\" sizes=\"auto, (max-width: 987px) 100vw, 987px\" \/>\t\t\t\t\t\t\n\t\t\t\t\t<\/div>\n\t\t\t\t\t\t\t\t\n<style>\n#image_1199497038 {\n  width: 100%;\n}\n<\/style>\n\t<\/div>\n\t\n\n\n\t\t<\/div>\n\t\t\t\t\t<\/div>\n\n\t\n\n\t<div id=\"col-1271054240\" class=\"col medium-6 small-12 large-6\"  >\n\t\t\t\t<div class=\"col-inner\"  >\n\t\t\t\n\t\t\t\n\n<h2>Externalisation<\/h2>\n\n<div class=\"is-divider divider clearfix\" style=\"max-width:100px;height:1px;\"><\/div>\n\n<div>Vous souhaitez externaliser l\u2019ensemble ou une partie de la gestion de votre installation informatique; nos solutions couvrent l\u2019outsourcing de serveurs, messageries, sauvegardes de donn\u00e9es\u2026<\/div>\n<div>\u00a0<\/div>\n<div>Nous h\u00e9bergeons votre infrastructure  en nos datacenters s\u00e9curis\u00e9s  sur des serveurs d\u00e9di\u00e9s ou mutualis\u00e9s. Nous en assurons la maintenance,  le monitoring et le support utilisateurs.<\/div>\n<div>\u00a0<\/div>\n<div>Apr\u00e8s \u00e9tudes des besoins et des contraintes, nous \u00e9tablissons et mettons en \u0153uvre l\u2019architecture la plus pertinente pour apporter  \u00e0 vos applications le maximum de performances et de s\u00e9curit\u00e9.<\/div>\n\n\t<div id=\"gap-1226131328\" class=\"gap-element clearfix\" style=\"display:block; height:auto;\">\n\t\t\n<style>\n#gap-1226131328 {\n  padding-top: 30px;\n}\n<\/style>\n\t<\/div>\n\t\n\n<a href=\"https:\/\/www.mtr.lu\/fr\/contact\/\" class=\"button primary reveal-icon\" style=\"border-radius:99px;\">\n\t\t<span>CONTACTEZ-NOUS<\/span>\n\t<i class=\"icon-angle-right\" aria-hidden=\"true\"><\/i><\/a>\n\n\n\n\t\t<\/div>\n\t\t\t\t\t<\/div>\n\n\t\n\n\t<div id=\"col-358911651\" class=\"col medium-6 small-12 large-6\"  >\n\t\t\t\t<div class=\"col-inner\"  >\n\t\t\t\n\t\t\t\n\n<h2>Centre de r\u00e9paration<\/h2>\n\n<div class=\"is-divider divider clearfix\" style=\"max-width:100px;height:1px;background-color:rgb(10, 177, 0);\"><\/div>\n\n<p>Fort d\u2019une solide \u00e9quipe d\u2019ing\u00e9nieurs-techniciens sp\u00e9cialis\u00e9s et certifi\u00e9s dans de nombreux domaines de comp\u00e9tences, notre service technique vous accompagne dans l\u2019installation, la configuration et la r\u00e9paration de vos \u00e9quipements.<\/p>\n<p>En sa qualit\u00e9 de centre de r\u00e9paration agr\u00e9\u00e9, nous assurons l\u2019application des garanties suivant les termes et conditions des constructeurs, quelle que soit la provenance de votre mat\u00e9riel.<\/p>\n<p>Disposant d\u2019un stock de pi\u00e8ces d\u00e9tach\u00e9es et d\u2019une logistique \u00e9prouv\u00e9e, nos multiples comp\u00e9tences nous permettent de fournir \u00e0 nos clients des interventions rapides et efficaces sur site ou en atelier.<\/p>\n\n<a href=\"https:\/\/www.mtr.lu\/fr\/contact\/\" class=\"button primary reveal-icon\" style=\"border-radius:99px;\">\n\t\t<span>CONTACTEZ NOTRE SERVICE TECHNIQUE<\/span>\n\t<i class=\"icon-angle-right\" aria-hidden=\"true\"><\/i><\/a>\n\n\n\n\t\t<\/div>\n\t\t\t\t\t<\/div>\n\n\t\n\n\t<div id=\"col-1343563184\" class=\"col medium-6 small-12 large-6\"  >\n\t\t\t\t<div class=\"col-inner\"  >\n\t\t\t\n\t\t\t\n\n\t<div class=\"img has-hover x md-x lg-x y md-y lg-y\" id=\"image_245481432\">\n\t\t\t\t\t\t\t\t<div class=\"img-inner dark\" >\n\t\t\t<img loading=\"lazy\" decoding=\"async\" width=\"1000\" height=\"766\" src=\"https:\/\/www.mtr.lu\/fr\/wp-content\/uploads\/sites\/2\/2024\/03\/repair.jpg\" class=\"attachment-large size-large\" alt=\"\" srcset=\"https:\/\/www.mtr.lu\/fr\/wp-content\/uploads\/sites\/2\/2024\/03\/repair.jpg 1000w, https:\/\/www.mtr.lu\/fr\/wp-content\/uploads\/sites\/2\/2024\/03\/repair-300x230.jpg 300w, https:\/\/www.mtr.lu\/fr\/wp-content\/uploads\/sites\/2\/2024\/03\/repair-768x588.jpg 768w\" sizes=\"auto, (max-width: 1000px) 100vw, 1000px\" \/>\t\t\t\t\t\t\n\t\t\t\t\t<\/div>\n\t\t\t\t\t\t\t\t\n<style>\n#image_245481432 {\n  width: 100%;\n}\n<\/style>\n\t<\/div>\n\t\n\n\n\t\t<\/div>\n\t\t\t\t\t<\/div>\n\n\t\n\n<\/div>\n\n","protected":false},"excerpt":{"rendered":"","protected":false},"author":2,"featured_media":0,"parent":0,"menu_order":0,"comment_status":"closed","ping_status":"closed","template":"page-blank.php","meta":{"footnotes":""},"class_list":["post-484","page","type-page","status-publish","hentry"],"_links":{"self":[{"href":"https:\/\/www.mtr.lu\/fr\/wp-json\/wp\/v2\/pages\/484","targetHints":{"allow":["GET"]}}],"collection":[{"href":"https:\/\/www.mtr.lu\/fr\/wp-json\/wp\/v2\/pages"}],"about":[{"href":"https:\/\/www.mtr.lu\/fr\/wp-json\/wp\/v2\/types\/page"}],"author":[{"embeddable":true,"href":"https:\/\/www.mtr.lu\/fr\/wp-json\/wp\/v2\/users\/2"}],"replies":[{"embeddable":true,"href":"https:\/\/www.mtr.lu\/fr\/wp-json\/wp\/v2\/comments?post=484"}],"version-history":[{"count":6,"href":"https:\/\/www.mtr.lu\/fr\/wp-json\/wp\/v2\/pages\/484\/revisions"}],"predecessor-version":[{"id":791,"href":"https:\/\/www.mtr.lu\/fr\/wp-json\/wp\/v2\/pages\/484\/revisions\/791"}],"wp:attachment":[{"href":"https:\/\/www.mtr.lu\/fr\/wp-json\/wp\/v2\/media?parent=484"}],"curies":[{"name":"wp","href":"https:\/\/api.w.org\/{rel}","templated":true}]}}