{"id":488,"date":"2024-03-01T08:25:51","date_gmt":"2024-03-01T08:25:51","guid":{"rendered":"https:\/\/vanhongan.com\/?page_id=488"},"modified":"2024-10-02T08:19:54","modified_gmt":"2024-10-02T08:19:54","slug":"internet-services","status":"publish","type":"page","link":"https:\/\/www.mtr.lu\/fr\/internet-services\/","title":{"rendered":"Internet Services"},"content":{"rendered":"\n\n\t<section class=\"section dark\" id=\"section_1245519333\">\n\t\t<div class=\"section-bg fill\" >\n\t\t\t<img loading=\"lazy\" decoding=\"async\" width=\"2500\" height=\"1332\" src=\"https:\/\/www.mtr.lu\/fr\/wp-content\/uploads\/sites\/2\/2024\/03\/html.jpg\" class=\"bg attachment- size-\" alt=\"\" \/>\t\t\t\t\t\t<div class=\"section-bg-overlay absolute fill\"><\/div>\n\t\t\t\n\n\t\t<\/div>\n\n\t\t\n\n\t\t<div class=\"section-content relative\">\n\t\t\t\n\n\t<div id=\"text-3189258893\" class=\"text\">\n\t\t\n\n<h2 class=\"uppercase\">Solutions Internet<\/h2>\n<h3 class=\"thin-font\">Cr\u00e9ation de sites Internet \u2022 H\u00e9bergement de sites \u2022 Nom de domaine<\/h3>\n\n\t\t\n<style>\n#text-3189258893 {\n  text-align: center;\n}\n<\/style>\n\t<\/div>\n\t\n\n\t\t<\/div>\n\n\t\t\n<style>\n#section_1245519333 {\n  padding-top: 30px;\n  padding-bottom: 30px;\n  min-height: 300px;\n  background-color: rgb(0,0,0);\n}\n#section_1245519333 .section-bg-overlay {\n  background-color: rgba(0,0,0,.5);\n}\n#section_1245519333 .section-bg img {\n  object-position: 30% 32%;\n}\n<\/style>\n\t<\/section>\n\t\n<div class=\"row row-collapse\"  id=\"row-1410184392\">\n\n\n\t<div id=\"col-1456675363\" class=\"col small-12 large-12\"  >\n\t\t\t\t<div class=\"col-inner text-left\"  >\n\t\t\t\n\t\t\t\n\n\n  <div class=\"banner has-hover\" id=\"banner-428557914\">\n          <div class=\"banner-inner fill\">\n        <div class=\"banner-bg fill\" >\n            <img loading=\"lazy\" decoding=\"async\" width=\"1020\" height=\"433\" src=\"https:\/\/www.mtr.lu\/fr\/wp-content\/uploads\/sites\/2\/2024\/03\/bg_web_white-1024x435.jpg\" class=\"bg attachment-large size-large\" alt=\"\" \/>                                    \n                    <\/div>\n\t\t\n        <div class=\"banner-layers container\">\n            <div class=\"fill banner-link\"><\/div>            \n\n   <div id=\"text-box-352753038\" class=\"text-box banner-layer x5 md-x5 lg-x5 y10 md-y10 lg-y10 res-text\">\n                                <div class=\"text-box-content text dark\">\n              \n              <div class=\"text-inner text-left\">\n                  \n\n\t<div id=\"text-2859801351\" class=\"text\">\n\t\t\n\n<h2>Sites Internet<\/h2>\n<p>Parce qu\u2019il vous sera certainement difficile de trouver sur le march\u00e9 une solution \u201cpr\u00eate \u00e0 l\u2019emploi\u201d qui r\u00e9ponde exactement aux exigences de votre m\u00e9tier, notre \u00e9quipe d\u00e9veloppement r\u00e9alisera votre site internet selon vos besoins.<\/p>\n<p>Que ce soit un site vitrine, un e-commerce ou un blog, nous l\u2019optimiserons \u00e9galement sur le support mobile.<\/p>\n\n\t\t\n<style>\n#text-2859801351 {\n  text-align: left;\n  color: rgb(0,0,0);\n}\n#text-2859801351 > * {\n  color: rgb(0,0,0);\n}\n<\/style>\n\t<\/div>\n\t\n<a href=\"https:\/\/www.mtr.lu\/fr\/contact\/\" class=\"button primary reveal-icon\" style=\"border-radius:99px;\">\n\t\t<span>D\u00c9COUVRIR NOS R\u00c9ALISATIONS<\/span>\n\t<i class=\"icon-angle-right\" aria-hidden=\"true\"><\/i><\/a>\n\n\n<a href=\"https:\/\/www.mtr.lu\/fr\/contact\/\" class=\"button secondary reveal-icon\" style=\"border-radius:99px;\">\n\t\t<span>NOUVEAU PROJET OU RELOOKING DE VOTRE SITE ?<\/span>\n\t<i class=\"icon-angle-right\" aria-hidden=\"true\"><\/i><\/a>\n\n\n\n              <\/div>\n           <\/div>\n                            \n<style>\n#text-box-352753038 {\n  width: 60%;\n}\n#text-box-352753038 .text-box-content {\n  font-size: 100%;\n}\n@media (min-width:550px) {\n  #text-box-352753038 {\n    width: 52%;\n  }\n}\n<\/style>\n    <\/div>\n \n\n        <\/div>\n      <\/div>\n\n            \n<style>\n#banner-428557914 {\n  padding-top: 500px;\n}\n#banner-428557914 .banner-bg img {\n  object-position: 51% 40%;\n}\n<\/style>\n  <\/div>\n\n\n\n\t\t<\/div>\n\t\t\t\t\t<\/div>\n\n\t\n\n<\/div>\n\n\t<section class=\"section\" id=\"section_1566496105\">\n\t\t<div class=\"section-bg fill\" >\n\t\t\t\t\t\t\t\t\t\n\t\t\t\n\n\t\t<\/div>\n\n\t\t\n\n\t\t<div class=\"section-content relative\">\n\t\t\t\n\n<div class=\"row row-small\"  id=\"row-1708290264\">\n\n\n\t<div id=\"col-671946776\" class=\"col medium-6 small-12 large-6\"  >\n\t\t\t\t<div class=\"col-inner\"  >\n\t\t\t\n\t\t\t\n\n\t<div class=\"img has-hover x md-x lg-x y md-y lg-y\" id=\"image_702535207\">\n\t\t\t\t\t\t\t\t<div class=\"img-inner dark\" >\n\t\t\t<img loading=\"lazy\" decoding=\"async\" width=\"988\" height=\"1024\" src=\"https:\/\/www.mtr.lu\/fr\/wp-content\/uploads\/sites\/2\/2024\/03\/hosting-988x1024.png\" class=\"attachment-large size-large\" alt=\"\" srcset=\"https:\/\/www.mtr.lu\/fr\/wp-content\/uploads\/sites\/2\/2024\/03\/hosting-988x1024.png 988w, https:\/\/www.mtr.lu\/fr\/wp-content\/uploads\/sites\/2\/2024\/03\/hosting-290x300.png 290w, https:\/\/www.mtr.lu\/fr\/wp-content\/uploads\/sites\/2\/2024\/03\/hosting-768x796.png 768w, https:\/\/www.mtr.lu\/fr\/wp-content\/uploads\/sites\/2\/2024\/03\/hosting.png 1000w\" sizes=\"auto, (max-width: 988px) 100vw, 988px\" \/>\t\t\t\t\t\t\n\t\t\t\t\t<\/div>\n\t\t\t\t\t\t\t\t\n<style>\n#image_702535207 {\n  width: 100%;\n}\n<\/style>\n\t<\/div>\n\t\n\n\n\t\t<\/div>\n\t\t\t\t\t<\/div>\n\n\t\n\n\t<div id=\"col-1459179343\" class=\"col medium-6 small-12 large-6\"  >\n\t\t\t\t<div class=\"col-inner\"  >\n\t\t\t\n\t\t\t\n\n<h2>H\u00e9bergement de sites<\/h2>\n\n<div class=\"is-divider divider clearfix\" style=\"max-width:100px;height:1px;\"><\/div>\n\n<p>Nous sommes H\u00e9bergeur professionnel depuis 2014 et notre d\u00e9partement offre une multitude de fonctions adapt\u00e9es \u00e0 tous types d\u2019entreprise. Gr\u00e2ce \u00e0 notre Data Center de derni\u00e8re g\u00e9n\u00e9ration, nous garantissons un haut niveau de service en terme de s\u00e9curit\u00e9, disponibilit\u00e9 et d\u00e9bit.<\/p>\n<p>Nos techniciens vous conseillent et vous assistent dans le cadre de nouveaux projets tout comme pour la migration de sites existants.<\/p>\n\n<a href=\"https:\/\/www.mtr.lu\/fr\/contact\/\" class=\"button primary reveal-icon\" style=\"border-radius:99px;\">\n\t\t<span>VOUS SOUHAITEZ H\u00c9BERGER VOTRE SITE INTERNET ?<\/span>\n\t<i class=\"icon-angle-right\" aria-hidden=\"true\"><\/i><\/a>\n\n\n\n\t\t<\/div>\n\t\t\t\t\t<\/div>\n\n\t\n\n<\/div>\n\n\t\t<\/div>\n\n\t\t\n<style>\n#section_1566496105 {\n  padding-top: 30px;\n  padding-bottom: 30px;\n  background-color: rgb(222, 222, 222);\n}\n<\/style>\n\t<\/section>\n\t\n<div class=\"row row-small\"  id=\"row-332012456\">\n\n\n\t<div id=\"col-524334736\" class=\"col medium-6 small-12 large-6\"  >\n\t\t\t\t<div class=\"col-inner\"  >\n\t\t\t\n\t\t\t\n\n<h2>Nom de domaine<\/h2>\n\n<div class=\"is-divider divider clearfix\" style=\"max-width:100px;height:1px;background-color:rgb(0, 184, 20);\"><\/div>\n\n<p>Indispensable pour cr\u00e9er votre identit\u00e9 sur Internet, nous r\u00e9servons le nom de domaine de votre choix qui permettra d\u2019acc\u00e9der au site internet de votre soci\u00e9t\u00e9 (par ex: www.mtr.com ou .fr, .lu, .be, .net, .org\u2026). Vous pourrez aussi associer et cr\u00e9er des adresses e-mail personnalis\u00e9es li\u00e9es \u00e0 votre nom de domaine comme par exemple : vous@mtr.com<\/p>\n\n<a href=\"https:\/\/www.mtr.lu\/fr\/contact\/\" class=\"button secondary reveal-icon\" style=\"border-radius:99px;\">\n\t\t<span>R\u00c9SERVEZ VOTRE NOM DE DOMAINE ?<\/span>\n\t<i class=\"icon-angle-right\" aria-hidden=\"true\"><\/i><\/a>\n\n\n\n\t\t<\/div>\n\t\t\t\t\t<\/div>\n\n\t\n\n\t<div id=\"col-1479019821\" class=\"col medium-6 small-12 large-6\"  >\n\t\t\t\t<div class=\"col-inner\"  >\n\t\t\t\n\t\t\t\n\n\t<div class=\"img has-hover x md-x lg-x y md-y lg-y\" id=\"image_1929126679\">\n\t\t\t\t\t\t\t\t<div class=\"img-inner dark\" >\n\t\t\t<img loading=\"lazy\" decoding=\"async\" width=\"989\" height=\"1024\" src=\"https:\/\/www.mtr.lu\/fr\/wp-content\/uploads\/sites\/2\/2024\/03\/gomain-989x1024.png\" class=\"attachment-large size-large\" alt=\"\" srcset=\"https:\/\/www.mtr.lu\/fr\/wp-content\/uploads\/sites\/2\/2024\/03\/gomain-989x1024.png 989w, https:\/\/www.mtr.lu\/fr\/wp-content\/uploads\/sites\/2\/2024\/03\/gomain-290x300.png 290w, https:\/\/www.mtr.lu\/fr\/wp-content\/uploads\/sites\/2\/2024\/03\/gomain-768x795.png 768w, https:\/\/www.mtr.lu\/fr\/wp-content\/uploads\/sites\/2\/2024\/03\/gomain.png 1000w\" sizes=\"auto, (max-width: 989px) 100vw, 989px\" \/>\t\t\t\t\t\t\n\t\t\t\t\t<\/div>\n\t\t\t\t\t\t\t\t\n<style>\n#image_1929126679 {\n  width: 100%;\n}\n<\/style>\n\t<\/div>\n\t\n\n\n\t\t<\/div>\n\t\t\t\t\t<\/div>\n\n\t\n\n<\/div>\n\n","protected":false},"excerpt":{"rendered":"","protected":false},"author":2,"featured_media":0,"parent":0,"menu_order":0,"comment_status":"closed","ping_status":"closed","template":"page-blank.php","meta":{"footnotes":""},"class_list":["post-488","page","type-page","status-publish","hentry"],"_links":{"self":[{"href":"https:\/\/www.mtr.lu\/fr\/wp-json\/wp\/v2\/pages\/488","targetHints":{"allow":["GET"]}}],"collection":[{"href":"https:\/\/www.mtr.lu\/fr\/wp-json\/wp\/v2\/pages"}],"about":[{"href":"https:\/\/www.mtr.lu\/fr\/wp-json\/wp\/v2\/types\/page"}],"author":[{"embeddable":true,"href":"https:\/\/www.mtr.lu\/fr\/wp-json\/wp\/v2\/users\/2"}],"replies":[{"embeddable":true,"href":"https:\/\/www.mtr.lu\/fr\/wp-json\/wp\/v2\/comments?post=488"}],"version-history":[{"count":3,"href":"https:\/\/www.mtr.lu\/fr\/wp-json\/wp\/v2\/pages\/488\/revisions"}],"predecessor-version":[{"id":795,"href":"https:\/\/www.mtr.lu\/fr\/wp-json\/wp\/v2\/pages\/488\/revisions\/795"}],"wp:attachment":[{"href":"https:\/\/www.mtr.lu\/fr\/wp-json\/wp\/v2\/media?parent=488"}],"curies":[{"name":"wp","href":"https:\/\/api.w.org\/{rel}","templated":true}]}}