{"id":490,"date":"2024-03-01T08:26:29","date_gmt":"2024-03-01T08:26:29","guid":{"rendered":"https:\/\/vanhongan.com\/?page_id=490"},"modified":"2024-10-02T08:15:21","modified_gmt":"2024-10-02T08:15:21","slug":"telephonie","status":"publish","type":"page","link":"https:\/\/www.mtr.lu\/fr\/telephonie\/","title":{"rendered":"T\u00e9l\u00e9phonie"},"content":{"rendered":"\n\n\t<section class=\"section dark\" id=\"section_846607044\">\n\t\t<div class=\"section-bg fill\" >\n\t\t\t<img loading=\"lazy\" decoding=\"async\" width=\"2500\" height=\"1343\" src=\"https:\/\/www.mtr.lu\/fr\/wp-content\/uploads\/sites\/2\/2024\/03\/ip-phone.jpg\" class=\"bg attachment- size-\" alt=\"\" \/>\t\t\t\t\t\t<div class=\"section-bg-overlay absolute fill\"><\/div>\n\t\t\t\n\n\t\t<\/div>\n\n\t\t\n\n\t\t<div class=\"section-content relative\">\n\t\t\t\n\n\t<div id=\"text-345890075\" class=\"text\">\n\t\t\n\n<h2 class=\"uppercase\">T\u00e9l\u00e9phonie<\/h2>\n<h3 class=\"thin-font\">Bureau central &amp; T\u00e9l\u00e9phonie IP \u2022 Visioconf\u00e9rence<br \/>Maintenance \u2022 Accueil t\u00e9l\u00e9phonique<\/h3>\n\n\t\t\n<style>\n#text-345890075 {\n  text-align: center;\n}\n<\/style>\n\t<\/div>\n\t\n\n\t\t<\/div>\n\n\t\t\n<style>\n#section_846607044 {\n  padding-top: 30px;\n  padding-bottom: 30px;\n  min-height: 400px;\n  background-color: rgb(0,0,0);\n}\n#section_846607044 .section-bg-overlay {\n  background-color: rgba(0, 0, 0, 0.634);\n}\n<\/style>\n\t<\/section>\n\t\n<div class=\"row row-small\"  id=\"row-355384256\">\n\n\n\t<div id=\"col-476373923\" class=\"col medium-6 small-12 large-6\"  >\n\t\t\t\t<div class=\"col-inner\"  >\n\t\t\t\n\t\t\t\n\n<h2>Bureau central &amp; T\u00e9l\u00e9phonie IP<\/h2>\n\n<div class=\"is-divider divider clearfix\" style=\"max-width:100px;height:1px;background-color:rgb(184, 0, 0);\"><\/div>\n\n<p>La t\u00e9l\u00e9phonie IP est un mode de communication utilisant les protocoles de t\u00e9l\u00e9communications cr\u00e9\u00e9s pour Internet.<\/p>\n<p>Nous vous proposerons, apr\u00e8s un audit de votre infrastructure, le syst\u00e8me qui vous permettra de diminuer vos co\u00fbts tout en b\u00e9n\u00e9ficiant des fonctionnalit\u00e9s essentielles de traitement des appels (routage des appels, affichage de l\u2019identit\u00e9 de l\u2019appelant, mise en attente \/ t\u00e9l\u00e9conf\u00e9rence \/ transfert des appels, messagerie vocale).<\/p>\n\n<a href=\"https:\/\/www.mtr.lu\/fr\/contact\/\" class=\"button primary reveal-icon\" style=\"border-radius:99px;\">\n\t\t<span>DEMANDER D'INFORMATIONS<\/span>\n\t<i class=\"icon-angle-right\" aria-hidden=\"true\"><\/i><\/a>\n\n\n\n\t\t<\/div>\n\t\t\t\t\t<\/div>\n\n\t\n\n\t<div id=\"col-1963809472\" class=\"col medium-6 small-12 large-6\"  >\n\t\t\t\t<div class=\"col-inner\"  >\n\t\t\t\n\t\t\t\n\n\t<div class=\"img has-hover x md-x lg-x y md-y lg-y\" id=\"image_1863545665\">\n\t\t\t\t\t\t\t\t<div class=\"img-inner dark\" >\n\t\t\t<img loading=\"lazy\" decoding=\"async\" width=\"1000\" height=\"759\" src=\"https:\/\/www.mtr.lu\/fr\/wp-content\/uploads\/sites\/2\/2024\/03\/iphone-2.jpg\" class=\"attachment-large size-large\" alt=\"\" srcset=\"https:\/\/www.mtr.lu\/fr\/wp-content\/uploads\/sites\/2\/2024\/03\/iphone-2.jpg 1000w, https:\/\/www.mtr.lu\/fr\/wp-content\/uploads\/sites\/2\/2024\/03\/iphone-2-300x228.jpg 300w, https:\/\/www.mtr.lu\/fr\/wp-content\/uploads\/sites\/2\/2024\/03\/iphone-2-768x583.jpg 768w\" sizes=\"auto, (max-width: 1000px) 100vw, 1000px\" \/>\t\t\t\t\t\t\n\t\t\t\t\t<\/div>\n\t\t\t\t\t\t\t\t\n<style>\n#image_1863545665 {\n  width: 100%;\n}\n<\/style>\n\t<\/div>\n\t\n\n\n\t\t<\/div>\n\t\t\t\t\t<\/div>\n\n\t\n\n<\/div>\n\n\t<section class=\"section dark has-mask mask-arrow\" id=\"section_129838763\">\n\t\t<div class=\"section-bg fill\" >\n\t\t\t<img loading=\"lazy\" decoding=\"async\" width=\"1280\" height=\"550\" src=\"https:\/\/www.mtr.lu\/fr\/wp-content\/uploads\/sites\/2\/2024\/03\/813_actu-drupal_78f_c48_e7f97ca12e84918c1961d2178e_cropped-image-of-businessman-using-laptop-at-desk-picture-id1216652501.jpg\" class=\"bg attachment- size-\" alt=\"\" \/>\t\t\t\t\t\t<div class=\"section-bg-overlay absolute fill\"><\/div>\n\t\t\t\n\t<div class=\"is-border\"\n\t\tstyle=\"border-color:rgb(235, 235, 235);border-width:1px 0px 0px 0px;\">\n\t<\/div>\n\n\t\t<\/div>\n\n\t\t\n\n\t\t<div class=\"section-content relative\">\n\t\t\t\n\n<div class=\"row\"  id=\"row-925260514\">\n\n\n\t<div id=\"col-428402870\" class=\"col medium-4 small-12 large-4\"  >\n\t\t\t\t<div class=\"col-inner text-center text-shadow-2\"  >\n\t\t\t\n\t\t\t\n\n<p>\u00a0<\/p>\n<h2 class=\"uppercase\">VISIOCONF\u00c9RENCE<\/h2>\n\n<a href=\"https:\/\/www.mtr.lu\/fr\/contact\/\" class=\"button secondary reveal-icon\" style=\"border-radius:99px;\">\n\t\t<span>DEMANDER D'INFORMATIONS<\/span>\n\t<i class=\"icon-angle-right\" aria-hidden=\"true\"><\/i><\/a>\n\n\n\n\t\t<\/div>\n\t\t\t\t\t<\/div>\n\n\t\n\n\t<div id=\"col-1153116710\" class=\"col medium-4 small-12 large-4\"  >\n\t\t\t\t<div class=\"col-inner text-shadow-2\"  >\n\t\t\t\n\t\t\t\n\n<p>La visioconf\u00e9rence est une technologie de plus en plus utilis\u00e9e par les entreprises qui souhaitent communiquer avec d\u2019autres soci\u00e9t\u00e9s ou personnes en \u00e9vitant de se d\u00e9placer. Elle permet d\u2019organiser \u00e0 distance des r\u00e9unions, des conf\u00e9rences, des formations tout en donnant l\u2019impression que les participants sont dans une m\u00eame salle.<\/p>\n\n\n\t\t<\/div>\n\t\t\t\t\t<\/div>\n\n\t\n\n\t<div id=\"col-722613922\" class=\"col medium-4 small-12 large-4\"  >\n\t\t\t\t<div class=\"col-inner text-shadow-2\"  >\n\t\t\t\n\t\t\t\n\n<p>Notre solution vous offre la possibilit\u00e9 de r\u00e9aliser une conf\u00e9rence depuis n\u2019importe quel t\u00e9l\u00e9phone IP.<\/p>\n<p>Gr\u00e2ce au client de communications unifi\u00e9es, il est possible d\u2019initier \u00e9galement des vid\u00e9oconf\u00e9rences depuis son propre bureau sans serveur ni autre \u00e9quipement co\u00fbteux.<\/p>\n\n\n\t\t<\/div>\n\t\t\t\t\t<\/div>\n\n\t\n\n<\/div>\n\n\t\t<\/div>\n\n\t\t\n<style>\n#section_129838763 {\n  padding-top: 59px;\n  padding-bottom: 59px;\n  min-height: 500px;\n  background-color: rgb(0, 0, 0);\n}\n#section_129838763 .section-bg-overlay {\n  background-color: rgba(0, 0, 0, 0.4);\n}\n<\/style>\n\t<\/section>\n\t\n<div class=\"row row-small\"  id=\"row-267189275\">\n\n\n\t<div id=\"col-11296851\" class=\"col medium-6 small-12 large-6\"  >\n\t\t\t\t<div class=\"col-inner\"  >\n\t\t\t\n\t\t\t\n\n<h2>Maintenance<\/h2>\n<div class=\"is-divider divider clearfix\" style=\"max-width:100px;height:1px;background-color:rgb(184, 0, 0);\"><\/div>\n\n<p>Nous assurons l\u2019entretien de votre parc t\u00e9l\u00e9phonique, nous \u00e9tablissons en cas de dysfonctionnement de votre installation, un diagnostic pr\u00e9cis et nous y apportons des solutions, quelle que soit la marque du mat\u00e9riel dont vous \u00eates \u00e9quip\u00e9.<\/p>\n<p>Lors des op\u00e9rations de maintenance, vos donn\u00e9es sont syst\u00e9matiquement sauvegard\u00e9es et s\u00e9curis\u00e9es afin de pouvoir effectuer une restauration imm\u00e9diate en cas de besoin.<\/p>\n\n<a href=\"https:\/\/www.mtr.lu\/fr\/contact\/\" class=\"button primary reveal-icon\" style=\"border-radius:99px;\">\n\t\t<span>DEMANDER D'INFORMATIONS<\/span>\n\t<i class=\"icon-angle-right\" aria-hidden=\"true\"><\/i><\/a>\n\n\n\n\t\t<\/div>\n\t\t\t\t\t<\/div>\n\n\t\n\n\t<div id=\"col-528319650\" class=\"col medium-6 small-12 large-6\"  >\n\t\t\t\t<div class=\"col-inner\"  >\n\t\t\t\n\t\t\t\n\n\t<div class=\"img has-hover x md-x lg-x y md-y lg-y\" id=\"image_818170969\">\n\t\t\t\t\t\t\t\t<div class=\"img-inner dark\" >\n\t\t\t<img loading=\"lazy\" decoding=\"async\" width=\"996\" height=\"664\" src=\"https:\/\/www.mtr.lu\/fr\/wp-content\/uploads\/sites\/2\/2024\/03\/your-service_329181-11677.jpg\" class=\"attachment-large size-large\" alt=\"\" srcset=\"https:\/\/www.mtr.lu\/fr\/wp-content\/uploads\/sites\/2\/2024\/03\/your-service_329181-11677.jpg 996w, https:\/\/www.mtr.lu\/fr\/wp-content\/uploads\/sites\/2\/2024\/03\/your-service_329181-11677-300x200.jpg 300w, https:\/\/www.mtr.lu\/fr\/wp-content\/uploads\/sites\/2\/2024\/03\/your-service_329181-11677-768x512.jpg 768w\" sizes=\"auto, (max-width: 996px) 100vw, 996px\" \/>\t\t\t\t\t\t\n\t\t\t\t\t<\/div>\n\t\t\t\t\t\t\t\t\n<style>\n#image_818170969 {\n  width: 100%;\n}\n<\/style>\n\t<\/div>\n\t\n\n\n\t\t<\/div>\n\t\t\t\t\t<\/div>\n\n\t\n\n<\/div>\n\n","protected":false},"excerpt":{"rendered":"","protected":false},"author":2,"featured_media":0,"parent":0,"menu_order":0,"comment_status":"closed","ping_status":"closed","template":"page-blank.php","meta":{"footnotes":""},"class_list":["post-490","page","type-page","status-publish","hentry"],"_links":{"self":[{"href":"https:\/\/www.mtr.lu\/fr\/wp-json\/wp\/v2\/pages\/490","targetHints":{"allow":["GET"]}}],"collection":[{"href":"https:\/\/www.mtr.lu\/fr\/wp-json\/wp\/v2\/pages"}],"about":[{"href":"https:\/\/www.mtr.lu\/fr\/wp-json\/wp\/v2\/types\/page"}],"author":[{"embeddable":true,"href":"https:\/\/www.mtr.lu\/fr\/wp-json\/wp\/v2\/users\/2"}],"replies":[{"embeddable":true,"href":"https:\/\/www.mtr.lu\/fr\/wp-json\/wp\/v2\/comments?post=490"}],"version-history":[{"count":4,"href":"https:\/\/www.mtr.lu\/fr\/wp-json\/wp\/v2\/pages\/490\/revisions"}],"predecessor-version":[{"id":793,"href":"https:\/\/www.mtr.lu\/fr\/wp-json\/wp\/v2\/pages\/490\/revisions\/793"}],"wp:attachment":[{"href":"https:\/\/www.mtr.lu\/fr\/wp-json\/wp\/v2\/media?parent=490"}],"curies":[{"name":"wp","href":"https:\/\/api.w.org\/{rel}","templated":true}]}}