{"id":68,"date":"2015-11-17T20:15:56","date_gmt":"2015-11-17T20:15:56","guid":{"rendered":"http:\/\/localhost:8888\/flatsome-next\/?page_id=3031"},"modified":"2024-10-02T07:19:10","modified_gmt":"2024-10-02T07:19:10","slug":"telechargements","status":"publish","type":"page","link":"https:\/\/www.mtr.lu\/fr\/telechargements\/","title":{"rendered":"T\u00e9l\u00e9chargements"},"content":{"rendered":"\n\t<div id=\"gap-972252392\" class=\"gap-element clearfix\" style=\"display:block; height:auto;\">\n\t\t\n<style>\n#gap-972252392 {\n  padding-top: 30px;\n}\n<\/style>\n\t<\/div>\n\t\n\n\t<div id=\"text-3568898873\" class=\"text\">\n\t\t\n\n<h1 class=\"uppercase\"><i class=\"fa-solid fa-headset\"><\/i> <strong>service d&rsquo;assistance<\/strong><\/h1>\n<h2 style=\"text-align: center;\">Confiez-nous le service d&rsquo;assistance<\/h2>\n\t\t\n<style>\n#text-3568898873 {\n  text-align: center;\n}\n<\/style>\n\t<\/div>\n\t\n<div class=\"text-center\"><div class=\"is-divider divider clearfix\" ><\/div><\/div>\n\n<div class=\"row\"  id=\"row-2048700246\">\n\n\n\t<div id=\"col-1757443621\" class=\"col medium-6 small-12 large-6\"  >\n\t\t\t\t<div class=\"col-inner\"  >\n\t\t\t\n\t\t\t\n\n\t<div class=\"img has-hover x md-x lg-x y md-y lg-y\" id=\"image_1246790246\">\n\t\t\t\t\t\t\t\t<div class=\"img-inner dark\" >\n\t\t\t<img loading=\"lazy\" decoding=\"async\" width=\"1020\" height=\"1020\" src=\"https:\/\/www.mtr.lu\/fr\/wp-content\/uploads\/sites\/2\/2024\/02\/5124556-1024x1024.jpg\" class=\"attachment-large size-large\" alt=\"\" srcset=\"https:\/\/www.mtr.lu\/fr\/wp-content\/uploads\/sites\/2\/2024\/02\/5124556-1024x1024.jpg 1024w, https:\/\/www.mtr.lu\/fr\/wp-content\/uploads\/sites\/2\/2024\/02\/5124556-300x300.jpg 300w, https:\/\/www.mtr.lu\/fr\/wp-content\/uploads\/sites\/2\/2024\/02\/5124556-150x150.jpg 150w, https:\/\/www.mtr.lu\/fr\/wp-content\/uploads\/sites\/2\/2024\/02\/5124556-768x768.jpg 768w, https:\/\/www.mtr.lu\/fr\/wp-content\/uploads\/sites\/2\/2024\/02\/5124556-1536x1536.jpg 1536w, https:\/\/www.mtr.lu\/fr\/wp-content\/uploads\/sites\/2\/2024\/02\/5124556.jpg 2000w\" sizes=\"auto, (max-width: 1020px) 100vw, 1020px\" \/>\t\t\t\t\t\t\n\t\t\t\t\t<\/div>\n\t\t\t\t\t\t\t\t\n<style>\n#image_1246790246 {\n  width: 100%;\n}\n<\/style>\n\t<\/div>\n\t\n\n\n\t\t<\/div>\n\t\t\t\t\t<\/div>\n\n\t\n\n\t<div id=\"col-445099840\" class=\"col medium-6 small-12 large-6\"  >\n\t\t\t\t<div class=\"col-inner\"  >\n\t\t\t\n\t\t\t\n\n<h3><i class=\"fa-solid fa-circle-user\"><\/i> <strong>POUR LES SERVEURS: TEAMVIEWER HOST<\/strong><\/h3>\n\t<div class=\"img has-hover x md-x lg-x y md-y lg-y\" id=\"image_1671653365\">\n\t\t<a class=\"\" href=\"https:\/\/get.teamviewer.com\/6cfi7sd\" target=\"_blank\" rel=\"noopener\" >\t\t\t\t\t\t<div class=\"img-inner dark\" >\n\t\t\t<img loading=\"lazy\" decoding=\"async\" width=\"400\" height=\"80\" src=\"https:\/\/www.mtr.lu\/fr\/wp-content\/uploads\/sites\/2\/2024\/02\/teamviewer-logo-button.png\" class=\"attachment-original size-original\" alt=\"\" srcset=\"https:\/\/www.mtr.lu\/fr\/wp-content\/uploads\/sites\/2\/2024\/02\/teamviewer-logo-button.png 400w, https:\/\/www.mtr.lu\/fr\/wp-content\/uploads\/sites\/2\/2024\/02\/teamviewer-logo-button-300x60.png 300w\" sizes=\"auto, (max-width: 400px) 100vw, 400px\" \/>\t\t\t\t\t\t\n\t\t\t\t\t<\/div>\n\t\t\t\t\t\t<\/a>\t\t\n<style>\n#image_1671653365 {\n  width: 74%;\n}\n<\/style>\n\t<\/div>\n\t\n\n<p>TeamViewer Host fonctionne comme un service syst\u00e8me et permet un acc\u00e8s constant aux syst\u00e8mes distants, y compris la connexion et la d\u00e9connexion \u00e0 distance et le red\u00e9marrage \u00e0 distance &#8211; id\u00e9al pour la maintenance du serveur et le t\u00e9l\u00e9travail.<\/p>\n<div class=\"text-center\"><div class=\"is-divider divider clearfix\" ><\/div><\/div>\n\n<h3><strong><i class=\"fa-regular fa-circle-user\"><\/i> POUR LES CLIENTS SPONTAN\u00c9S : TEAMVIEWER QUICKSUPPORT<\/strong><\/h3>\n\t<div class=\"img has-hover x md-x lg-x y md-y lg-y\" id=\"image_545865692\">\n\t\t<a class=\"\" href=\"https:\/\/898.tv\/akxnmwz\" target=\"_blank\" rel=\"noopener\" >\t\t\t\t\t\t<div class=\"img-inner dark\" >\n\t\t\t<img loading=\"lazy\" decoding=\"async\" width=\"364\" height=\"114\" src=\"https:\/\/www.mtr.lu\/fr\/wp-content\/uploads\/sites\/2\/2024\/02\/quicksupport.png\" class=\"attachment-original size-original\" alt=\"\" srcset=\"https:\/\/www.mtr.lu\/fr\/wp-content\/uploads\/sites\/2\/2024\/02\/quicksupport.png 364w, https:\/\/www.mtr.lu\/fr\/wp-content\/uploads\/sites\/2\/2024\/02\/quicksupport-300x94.png 300w\" sizes=\"auto, (max-width: 364px) 100vw, 364px\" \/>\t\t\t\t\t\t\n\t\t\t\t\t<\/div>\n\t\t\t\t\t\t<\/a>\t\t\n<style>\n#image_545865692 {\n  width: 66%;\n}\n<\/style>\n\t<\/div>\n\t\n\n<p>TeamViewer QuickSupport est un module client tr\u00e8s compact, ne n\u00e9cessitant ni installation ni droits d&rsquo;administrateur sur l&rsquo;ordinateur cible &#8211; id\u00e9al pour un support spontan\u00e9.<\/p>\n\n\t\t<\/div>\n\t\t\t\t\t<\/div>\n\n\t\n\n<\/div>\n<div class=\"text-center\"><div class=\"is-divider divider clearfix\" ><\/div><\/div>\n\n\t<div id=\"text-2383534795\" class=\"text\">\n\t\t\n\n<h2><i class=\"fa-brands fa-windows\"><\/i> <strong>OS SUPPORT\u00c9<\/strong><\/h2>\n\n\t\t\n<style>\n#text-2383534795 {\n  text-align: center;\n}\n<\/style>\n\t<\/div>\n\t\n<div class=\"row row-small\"  id=\"row-1485935123\">\n\n\n\t<div id=\"col-2116069393\" class=\"col medium-3 small-6 large-3\"  >\n\t\t\t\t<div class=\"col-inner\"  >\n\t\t\t\n\t\t\t\n\n\t<div class=\"img has-hover x md-x lg-x y md-y lg-y\" id=\"image_2119117092\">\n\t\t\t\t\t\t\t\t<div class=\"img-inner dark\" >\n\t\t\t<img loading=\"lazy\" decoding=\"async\" width=\"350\" height=\"200\" src=\"https:\/\/www.mtr.lu\/fr\/wp-content\/uploads\/sites\/2\/2024\/02\/windows.png\" class=\"attachment-large size-large\" alt=\"\" srcset=\"https:\/\/www.mtr.lu\/fr\/wp-content\/uploads\/sites\/2\/2024\/02\/windows.png 350w, https:\/\/www.mtr.lu\/fr\/wp-content\/uploads\/sites\/2\/2024\/02\/windows-300x171.png 300w\" sizes=\"auto, (max-width: 350px) 100vw, 350px\" \/>\t\t\t\t\t\t\n\t\t\t\t\t<\/div>\n\t\t\t\t\t\t\t\t\n<style>\n#image_2119117092 {\n  width: 100%;\n}\n<\/style>\n\t<\/div>\n\t\n\n\n\t\t<\/div>\n\t\t\t\t\t<\/div>\n\n\t\n\n\t<div id=\"col-1728346845\" class=\"col medium-3 small-6 large-3\"  >\n\t\t\t\t<div class=\"col-inner\"  >\n\t\t\t\n\t\t\t\n\n\t<div class=\"img has-hover x md-x lg-x y md-y lg-y\" id=\"image_829781529\">\n\t\t\t\t\t\t\t\t<div class=\"img-inner dark\" >\n\t\t\t<img loading=\"lazy\" decoding=\"async\" width=\"350\" height=\"200\" src=\"https:\/\/www.mtr.lu\/fr\/wp-content\/uploads\/sites\/2\/2024\/02\/linx.png\" class=\"attachment-large size-large\" alt=\"\" srcset=\"https:\/\/www.mtr.lu\/fr\/wp-content\/uploads\/sites\/2\/2024\/02\/linx.png 350w, https:\/\/www.mtr.lu\/fr\/wp-content\/uploads\/sites\/2\/2024\/02\/linx-300x171.png 300w\" sizes=\"auto, (max-width: 350px) 100vw, 350px\" \/>\t\t\t\t\t\t\n\t\t\t\t\t<\/div>\n\t\t\t\t\t\t\t\t\n<style>\n#image_829781529 {\n  width: 100%;\n}\n<\/style>\n\t<\/div>\n\t\n\n\n\t\t<\/div>\n\t\t\t\t\t<\/div>\n\n\t\n\n\t<div id=\"col-285587152\" class=\"col medium-3 small-6 large-3\"  >\n\t\t\t\t<div class=\"col-inner\"  >\n\t\t\t\n\t\t\t\n\n\t<div class=\"img has-hover x md-x lg-x y md-y lg-y\" id=\"image_1591879570\">\n\t\t\t\t\t\t\t\t<div class=\"img-inner dark\" >\n\t\t\t<img loading=\"lazy\" decoding=\"async\" width=\"350\" height=\"200\" src=\"https:\/\/www.mtr.lu\/fr\/wp-content\/uploads\/sites\/2\/2024\/02\/macos.png\" class=\"attachment-large size-large\" alt=\"\" srcset=\"https:\/\/www.mtr.lu\/fr\/wp-content\/uploads\/sites\/2\/2024\/02\/macos.png 350w, https:\/\/www.mtr.lu\/fr\/wp-content\/uploads\/sites\/2\/2024\/02\/macos-300x171.png 300w\" sizes=\"auto, (max-width: 350px) 100vw, 350px\" \/>\t\t\t\t\t\t\n\t\t\t\t\t<\/div>\n\t\t\t\t\t\t\t\t\n<style>\n#image_1591879570 {\n  width: 100%;\n}\n<\/style>\n\t<\/div>\n\t\n\n\n\t\t<\/div>\n\t\t\t\t\t<\/div>\n\n\t\n\n\t<div id=\"col-333576562\" class=\"col medium-3 small-6 large-3\"  >\n\t\t\t\t<div class=\"col-inner\"  >\n\t\t\t\n\t\t\t\n\n\t<div class=\"img has-hover x md-x lg-x y md-y lg-y\" id=\"image_617092163\">\n\t\t\t\t\t\t\t\t<div class=\"img-inner dark\" >\n\t\t\t<img loading=\"lazy\" decoding=\"async\" width=\"350\" height=\"200\" src=\"https:\/\/www.mtr.lu\/fr\/wp-content\/uploads\/sites\/2\/2024\/02\/android.png\" class=\"attachment-large size-large\" alt=\"\" srcset=\"https:\/\/www.mtr.lu\/fr\/wp-content\/uploads\/sites\/2\/2024\/02\/android.png 350w, https:\/\/www.mtr.lu\/fr\/wp-content\/uploads\/sites\/2\/2024\/02\/android-300x171.png 300w\" sizes=\"auto, (max-width: 350px) 100vw, 350px\" \/>\t\t\t\t\t\t\n\t\t\t\t\t<\/div>\n\t\t\t\t\t\t\t\t\n<style>\n#image_617092163 {\n  width: 100%;\n}\n<\/style>\n\t<\/div>\n\t\n\n\n\t\t<\/div>\n\t\t\t\t\t<\/div>\n\n\t\n\n<\/div>\n\t<div id=\"gap-1942556784\" class=\"gap-element clearfix\" style=\"display:block; height:auto;\">\n\t\t\n<style>\n#gap-1942556784 {\n  padding-top: 30px;\n}\n<\/style>\n\t<\/div>\n\t\n\n\n","protected":false},"excerpt":{"rendered":"","protected":false},"author":2,"featured_media":0,"parent":0,"menu_order":0,"comment_status":"closed","ping_status":"closed","template":"page-blank.php","meta":{"footnotes":""},"class_list":["post-68","page","type-page","status-publish","hentry"],"_links":{"self":[{"href":"https:\/\/www.mtr.lu\/fr\/wp-json\/wp\/v2\/pages\/68","targetHints":{"allow":["GET"]}}],"collection":[{"href":"https:\/\/www.mtr.lu\/fr\/wp-json\/wp\/v2\/pages"}],"about":[{"href":"https:\/\/www.mtr.lu\/fr\/wp-json\/wp\/v2\/types\/page"}],"author":[{"embeddable":true,"href":"https:\/\/www.mtr.lu\/fr\/wp-json\/wp\/v2\/users\/2"}],"replies":[{"embeddable":true,"href":"https:\/\/www.mtr.lu\/fr\/wp-json\/wp\/v2\/comments?post=68"}],"version-history":[{"count":4,"href":"https:\/\/www.mtr.lu\/fr\/wp-json\/wp\/v2\/pages\/68\/revisions"}],"predecessor-version":[{"id":770,"href":"https:\/\/www.mtr.lu\/fr\/wp-json\/wp\/v2\/pages\/68\/revisions\/770"}],"wp:attachment":[{"href":"https:\/\/www.mtr.lu\/fr\/wp-json\/wp\/v2\/media?parent=68"}],"curies":[{"name":"wp","href":"https:\/\/api.w.org\/{rel}","templated":true}]}}